{"id":37,"date":"2016-01-04T18:28:04","date_gmt":"2016-01-04T17:28:04","guid":{"rendered":"http:\/\/localhost\/wordpress\/?page_id=37"},"modified":"2017-04-09T10:34:29","modified_gmt":"2017-04-09T09:34:29","slug":"johannesblaeser","status":"publish","type":"page","link":"http:\/\/blaskapellekirchberg.de\/?page_id=37","title":{"rendered":"Johannesbl\u00e4ser"},"content":{"rendered":"<p>Eine der Intentionen der Blaskapelle Kirchberg v. W. ist es, Kindern und Jugendlichen bereits in einem fr\u00fchen Stadium ihrer instrumentalen Ausbildung Kenntnisse des Musizierens innerhalb eines Orchesters zu vermitteln.<\/p>\n<p>Zu diesem Zweck wurden am 7. November 2003 die Johannesbl\u00e4ser als Nachwuchsorganisation gegr\u00fcndet.<\/p>\n<figure id=\"attachment_278\" aria-describedby=\"caption-attachment-278\" style=\"width: 474px\" class=\"wp-caption aligncenter\"><a href=\"http:\/\/blaskapellekirchberg.de\/wp-content\/uploads\/2016\/11\/Johannesbl-e1479067692385.jpg\"><img loading=\"lazy\" decoding=\"async\" class=\"wp-image-278 size-large\" src=\"http:\/\/blaskapellekirchberg.de\/wp-content\/uploads\/2016\/11\/Johannesbl-e1479067692385-1024x473.jpg\" alt=\"Johannesbl\u00e4ser 2015\" width=\"474\" height=\"219\" srcset=\"http:\/\/blaskapellekirchberg.de\/wp-content\/uploads\/2016\/11\/Johannesbl-e1479067692385-1024x473.jpg 1024w, http:\/\/blaskapellekirchberg.de\/wp-content\/uploads\/2016\/11\/Johannesbl-e1479067692385-300x139.jpg 300w, http:\/\/blaskapellekirchberg.de\/wp-content\/uploads\/2016\/11\/Johannesbl-e1479067692385-768x355.jpg 768w\" sizes=\"auto, (max-width: 474px) 100vw, 474px\" \/><\/a><figcaption id=\"caption-attachment-278\" class=\"wp-caption-text\">Johannesbl\u00e4ser 2015<\/figcaption><\/figure>\n<p>Durch regelm\u00e4\u00dfiges gemeinsames Proben werden den Heranwachsenden F\u00e4higkeiten und Erfahrungen vermittelt, mit denen sie schlie\u00dflich auch anspruchsvolle St\u00fccke innerhalb eines Blasorchesters umsetzen k\u00f6nnen.<\/p>\n<p><strong>Die Proben finden immer freitags von 16:30 bis 18:30 Uhr im gro\u00dfen Probenraum des <a href=\"http:\/\/blaskapellekirchberg.de\/?page_id=439\">Musikheimes <\/a>statt. In den Ferien wird meistens pausiert.<\/strong><\/p>\n<p>Zum Repertoire der Johannesbl\u00e4ser geh\u00f6ren neben modernen Konzertst\u00fccken und Kirchenmusik auch traditionelle Blasmusik.<\/p>\n<p>Unter allen Auftritten z\u00e4hlen die alle zwei Jahre stattfindenden Konzerte zu den besonderen H\u00f6hepunkten. Weiterhin werden durch die Johannesbl\u00e4ser h\u00e4ufig Gottesdienste und Weihnachtsm\u00e4rkte begleitet und verleihen diesen dadurch einen feierlichen Rahmen.<\/p>\n<p>Neben den Proben und Auftritten werden auch Freizeitaktivit\u00e4ten angeboten, zu denen zum Beispiel gemeinsame Kegelabende, Schwimmausfl\u00fcge und Zeltlager geh\u00f6ren.<\/p>\n","protected":false},"excerpt":{"rendered":"<p>Eine der Intentionen der Blaskapelle Kirchberg v. W. ist es, Kindern und Jugendlichen bereits in einem fr\u00fchen Stadium ihrer instrumentalen Ausbildung Kenntnisse des Musizierens innerhalb eines Orchesters zu vermitteln. Zu diesem Zweck wurden am 7. November 2003 die Johannesbl\u00e4ser als Nachwuchsorganisation gegr\u00fcndet. Durch regelm\u00e4\u00dfiges gemeinsames Proben werden den Heranwachsenden F\u00e4higkeiten und Erfahrungen vermittelt, mit denen &hellip; <a href=\"http:\/\/blaskapellekirchberg.de\/?page_id=37\" class=\"more-link\"><span class=\"screen-reader-text\">Johannesbl\u00e4ser<\/span> weiterlesen <span class=\"meta-nav\">&rarr;<\/span><\/a><\/p>\n","protected":false},"author":2,"featured_media":0,"parent":203,"menu_order":0,"comment_status":"closed","ping_status":"closed","template":"","meta":{"footnotes":""},"class_list":["post-37","page","type-page","status-publish","hentry"],"_links":{"self":[{"href":"http:\/\/blaskapellekirchberg.de\/index.php?rest_route=\/wp\/v2\/pages\/37","targetHints":{"allow":["GET"]}}],"collection":[{"href":"http:\/\/blaskapellekirchberg.de\/index.php?rest_route=\/wp\/v2\/pages"}],"about":[{"href":"http:\/\/blaskapellekirchberg.de\/index.php?rest_route=\/wp\/v2\/types\/page"}],"author":[{"embeddable":true,"href":"http:\/\/blaskapellekirchberg.de\/index.php?rest_route=\/wp\/v2\/users\/2"}],"replies":[{"embeddable":true,"href":"http:\/\/blaskapellekirchberg.de\/index.php?rest_route=%2Fwp%2Fv2%2Fcomments&post=37"}],"version-history":[{"count":11,"href":"http:\/\/blaskapellekirchberg.de\/index.php?rest_route=\/wp\/v2\/pages\/37\/revisions"}],"predecessor-version":[{"id":519,"href":"http:\/\/blaskapellekirchberg.de\/index.php?rest_route=\/wp\/v2\/pages\/37\/revisions\/519"}],"up":[{"embeddable":true,"href":"http:\/\/blaskapellekirchberg.de\/index.php?rest_route=\/wp\/v2\/pages\/203"}],"wp:attachment":[{"href":"http:\/\/blaskapellekirchberg.de\/index.php?rest_route=%2Fwp%2Fv2%2Fmedia&parent=37"}],"curies":[{"name":"wp","href":"https:\/\/api.w.org\/{rel}","templated":true}]}}