{"id":113,"date":"2016-01-31T13:02:13","date_gmt":"2016-01-31T12:02:13","guid":{"rendered":"http:\/\/localhost\/wordpress\/?page_id=113"},"modified":"2024-05-19T09:36:27","modified_gmt":"2024-05-19T08:36:27","slug":"impressum","status":"publish","type":"page","link":"https:\/\/blaskapellekirchberg.de\/?page_id=113","title":{"rendered":"Impressum"},"content":{"rendered":"<div class=\"art-layout-wrapper\">\n<div class=\"art-content-layout\">\n<div class=\"art-content-layout-row\">\n<div class=\"art-layout-cell art-content\">\n<article class=\"art-post\">\n<div class=\"art-postcontent clearfix\">\n<div class=\"breadcrumbs\"><strong>\u00a0<\/strong><\/div>\n<\/div>\n<\/article>\n<div class=\"item-page\">\n<article class=\"art-post\">\n<div class=\"art-postcontent clearfix\">\n<div class=\"art-article\">\n<h1>Impressum<\/h1>\n<h2>Angaben gem\u00e4\u00df \u00a7 5 TMG:<\/h2>\n<p>Blaskapelle Kirchberg vorm Wald<br \/>\nAm Steinberg 6<br \/>\nD-94113 Tiefenbach<\/p>\n<h2>Vertreten durch:<\/h2>\n<p>Robert Hanke<\/p>\n<h2>Kontakt:<\/h2>\n<p>E-Mail: webmaster@blaskapellekirchberg.de<\/p>\n<h2>Verantwortlich f\u00fcr<br \/>\nden Inhalt nach \u00a7 55 Abs. 2 RStV:<\/h2>\n<p>Maximilian, Jahrstorfer<br \/>\nAmselweg, 1<br \/>\n94113<br \/>\nTiefenbach<\/p>\n<h2>Streitschlichtung<\/h2>\n<p>Wir sind nicht bereit oder verpflichtet, an<br \/>\nStreitbeilegungsverfahren vor einer Verbraucherschlichtungsstelle teilzunehmen.<\/p>\n<h2>Haftung<br \/>\nf\u00fcr Inhalte<\/h2>\n<p>Als Diensteanbieter sind wir gem\u00e4\u00df \u00a7 7 Abs.1 TMG f\u00fcr<br \/>\neigene Inhalte auf diesen Seiten nach den allgemeinen Gesetzen verantwortlich. Nach \u00a7\u00a7 8 bis<br \/>\n10 TMG sind wir als Diensteanbieter jedoch nicht verpflichtet, \u00fcbermittelte oder gespeicherte fremde<br \/>\nInformationen zu \u00fcberwachen oder nach Umst\u00e4nden zu forschen, die auf eine rechtswidrige<br \/>\nT\u00e4tigkeit hinweisen.<\/p>\n<p>Verpflichtungen zur Entfernung oder Sperrung der Nutzung von<br \/>\nInformationen nach den allgemeinen Gesetzen bleiben hiervon unber\u00fchrt. Eine diesbez\u00fcgliche<br \/>\nHaftung ist jedoch erst ab dem Zeitpunkt der Kenntnis einer konkreten Rechtsverletzung m\u00f6glich.<br \/>\nBei Bekanntwerden von entsprechenden Rechtsverletzungen werden wir diese Inhalte umgehend<br \/>\nentfernen.<\/p>\n<h2>Haftung f\u00fcr Links<\/h2>\n<p>Unser Angebot enth\u00e4lt Links zu externen<br \/>\nWebsites Dritter, auf deren Inhalte wir keinen Einfluss haben. Deshalb k\u00f6nnen wir f\u00fcr diese<br \/>\nfremden Inhalte auch keine Gew\u00e4hr \u00fcbernehmen. F\u00fcr die Inhalte der verlinkten Seiten ist<br \/>\nstets der jeweilige Anbieter oder Betreiber der Seiten verantwortlich. Die verlinkten Seiten wurden zum<br \/>\nZeitpunkt der Verlinkung auf m\u00f6gliche Rechtsverst\u00f6\u00dfe \u00fcberpr\u00fcft.<br \/>\nRechtswidrige Inhalte waren zum Zeitpunkt der Verlinkung nicht erkennbar.<\/p>\n<p>Eine permanente<br \/>\ninhaltliche Kontrolle der verlinkten Seiten ist jedoch ohne konkrete Anhaltspunkte einer Rechtsverletzung<br \/>\nnicht zumutbar. Bei Bekanntwerden von Rechtsverletzungen werden wir derartige Links umgehend<br \/>\nentfernen.<\/p>\n<h2>Urheberrecht<\/h2>\n<p>Die durch die Seitenbetreiber erstellten Inhalte und Werke auf<br \/>\ndiesen Seiten unterliegen dem deutschen Urheberrecht. Die Vervielf\u00e4ltigung, Bearbeitung,<br \/>\nVerbreitung und jede Art der Verwertung au\u00dferhalb der Grenzen des Urheberrechtes bed\u00fcrfen<br \/>\nder schriftlichen Zustimmung des jeweiligen Autors bzw. Erstellers. Downloads und Kopien dieser Seite<br \/>\nsind nur f\u00fcr den privaten, nicht kommerziellen Gebrauch gestattet.<\/p>\n<p>Soweit die Inhalte auf<br \/>\ndieser Seite nicht vom Betreiber erstellt wurden, werden die Urheberrechte Dritter beachtet. Insbesondere<br \/>\nwerden Inhalte Dritter als solche gekennzeichnet. Sollten Sie trotzdem auf eine Urheberrechtsverletzung<br \/>\naufmerksam werden, bitten wir um einen entsprechenden Hinweis. Bei Bekanntwerden von<br \/>\nRechtsverletzungen werden wir derartige Inhalte umgehend entfernen.<\/p>\n<p>Quelle: <a href=\"https:\/\/www.e-recht24.de\">e-recht24.de<\/a><\/p>\n<\/div>\n<\/div>\n<\/article>\n<\/div>\n<\/div>\n<\/div>\n<\/div>\n<\/div>\n","protected":false},"excerpt":{"rendered":"<p>\u00a0 Impressum Angaben gem\u00e4\u00df \u00a7 5 TMG: Blaskapelle Kirchberg vorm Wald Am Steinberg 6 D-94113 Tiefenbach Vertreten durch: Robert Hanke Kontakt: E-Mail: webmaster@blaskapellekirchberg.de Verantwortlich f\u00fcr den Inhalt nach \u00a7 55 Abs. 2 RStV: Maximilian, Jahrstorfer Amselweg, 1 94113 Tiefenbach Streitschlichtung Wir sind nicht bereit oder verpflichtet, an Streitbeilegungsverfahren vor einer Verbraucherschlichtungsstelle teilzunehmen. Haftung f\u00fcr Inhalte &hellip; <a href=\"https:\/\/blaskapellekirchberg.de\/?page_id=113\" class=\"more-link\"><span class=\"screen-reader-text\">Impressum<\/span> weiterlesen <span class=\"meta-nav\">&rarr;<\/span><\/a><\/p>\n","protected":false},"author":2,"featured_media":0,"parent":0,"menu_order":20,"comment_status":"closed","ping_status":"closed","template":"page-templates\/full-width.php","meta":{"footnotes":""},"class_list":["post-113","page","type-page","status-publish","hentry"],"_links":{"self":[{"href":"https:\/\/blaskapellekirchberg.de\/index.php?rest_route=\/wp\/v2\/pages\/113","targetHints":{"allow":["GET"]}}],"collection":[{"href":"https:\/\/blaskapellekirchberg.de\/index.php?rest_route=\/wp\/v2\/pages"}],"about":[{"href":"https:\/\/blaskapellekirchberg.de\/index.php?rest_route=\/wp\/v2\/types\/page"}],"author":[{"embeddable":true,"href":"https:\/\/blaskapellekirchberg.de\/index.php?rest_route=\/wp\/v2\/users\/2"}],"replies":[{"embeddable":true,"href":"https:\/\/blaskapellekirchberg.de\/index.php?rest_route=%2Fwp%2Fv2%2Fcomments&post=113"}],"version-history":[{"count":5,"href":"https:\/\/blaskapellekirchberg.de\/index.php?rest_route=\/wp\/v2\/pages\/113\/revisions"}],"predecessor-version":[{"id":1201,"href":"https:\/\/blaskapellekirchberg.de\/index.php?rest_route=\/wp\/v2\/pages\/113\/revisions\/1201"}],"wp:attachment":[{"href":"https:\/\/blaskapellekirchberg.de\/index.php?rest_route=%2Fwp%2Fv2%2Fmedia&parent=113"}],"curies":[{"name":"wp","href":"https:\/\/api.w.org\/{rel}","templated":true}]}}