{"id":1276,"date":"2025-08-27T15:48:35","date_gmt":"2025-08-27T14:48:35","guid":{"rendered":"https:\/\/blaskapellekirchberg.de\/?page_id=1276"},"modified":"2026-02-24T19:03:58","modified_gmt":"2026-02-24T18:03:58","slug":"jubilaeumsfest","status":"publish","type":"page","link":"https:\/\/blaskapellekirchberg.de\/?page_id=1276","title":{"rendered":"Jubil\u00e4umsfest"},"content":{"rendered":"\n<p>Anmeldung f\u00fcr Vereine zum 44. Bezirksmusikfest siehe weiter unten.<\/p>\n\n\n\n<p>Einer der H\u00f6hepunkte unseres Jubil\u00e4ums Festes pr\u00e4sentieren wir am Donnerstag den 11. Juni 2026  die aus dem BR Fernsehen bekannte Volkss\u00e4ngerrevue<\/p>\n\n\n<div class=\"wp-block-image is-style-default\">\n<figure class=\"aligncenter size-large\"><img loading=\"lazy\" decoding=\"async\" width=\"721\" height=\"1024\" src=\"http:\/\/blaskapellekirchberg.de\/wp-content\/uploads\/2025\/10\/Flyer_Bretlspitzn-721x1024.jpeg\" alt=\"\" class=\"wp-image-1283\" srcset=\"https:\/\/blaskapellekirchberg.de\/wp-content\/uploads\/2025\/10\/Flyer_Bretlspitzn-721x1024.jpeg 721w, https:\/\/blaskapellekirchberg.de\/wp-content\/uploads\/2025\/10\/Flyer_Bretlspitzn-211x300.jpeg 211w, https:\/\/blaskapellekirchberg.de\/wp-content\/uploads\/2025\/10\/Flyer_Bretlspitzn-768x1090.jpeg 768w, https:\/\/blaskapellekirchberg.de\/wp-content\/uploads\/2025\/10\/Flyer_Bretlspitzn-1082x1536.jpeg 1082w, https:\/\/blaskapellekirchberg.de\/wp-content\/uploads\/2025\/10\/Flyer_Bretlspitzn.jpeg 1127w\" sizes=\"auto, (max-width: 721px) 100vw, 721px\" \/><\/figure>\n<\/div>\n\n\n<p>Der Kartenvorverkauf ist gestartet. Karten gibt es per <\/p>\n\n\n\n<ul class=\"wp-block-list\">\n<li>e-Mail: <strong>karten@blaskapellekirchberg.de<\/strong> <\/li>\n\n\n\n<li>Telefonisch unter: <strong>0155 653 054 75<\/strong><\/li>\n\n\n\n<li>per Paypal: Ben\u00f6tigte Anzahl und Anschrift angeben, wir schicken die Karten dann zu.<br>Paypal Adresse: karten@blaskapellekirchberg.de&nbsp;oder:<img loading=\"lazy\" decoding=\"async\" width=\"150\" height=\"190\" class=\"wp-image-1292\" style=\"width: 150px;\" src=\"http:\/\/blaskapellekirchberg.de\/wp-content\/uploads\/2025\/10\/Paypall_Karten-e1760281794529.jpg\" alt=\"\" srcset=\"https:\/\/blaskapellekirchberg.de\/wp-content\/uploads\/2025\/10\/Paypall_Karten-e1760281794529.jpg 1006w, https:\/\/blaskapellekirchberg.de\/wp-content\/uploads\/2025\/10\/Paypall_Karten-e1760281794529-237x300.jpg 237w, https:\/\/blaskapellekirchberg.de\/wp-content\/uploads\/2025\/10\/Paypall_Karten-e1760281794529-808x1024.jpg 808w, https:\/\/blaskapellekirchberg.de\/wp-content\/uploads\/2025\/10\/Paypall_Karten-e1760281794529-768x973.jpg 768w\" sizes=\"auto, (max-width: 150px) 100vw, 150px\" \/><\/li>\n\n\n\n<li>bei <a href=\"https:\/\/www.eventim.de\/event\/br-brettl-spitzen-live-festplatz-kirchberg-vorm-wald-20619918\/?affiliate=GMD&amp;utm_source=google&amp;utm_medium=cpc&amp;utm_campaign=ar_Weitere_Konzerte&amp;utm_agid=185453282392&amp;utm_term=brettl%20spitzen%20tiefenbach&amp;creative=772378634851&amp;device=m&amp;placement=&amp;gad_source=1&amp;gad_campaignid=850829259&amp;gbraid=0AAAAAD8gI54ikikeVVNPvuZfUHoDRUqZA&amp;gclid=CjwKCAjwr8LHBhBKEiwAy47uUvMvksNOg0luSanJzj6VR3y6yFGbxcAMyxGWL6FBzPRmI5fWDyUArRoCAQ0QAvD_BwE\">Eventim<\/a><br>Oder pers\u00f6nlich im:<\/li>\n\n\n\n<li><strong>Dorfladen Haselbach<\/strong><\/li>\n\n\n\n<li><strong>EDEKA Einkaufspark Aicha v.W.<\/strong><\/li>\n\n\n\n<li><strong>Edeka Schwaiberger im DEZ<\/strong> Passau, Neuburgerstra\u00dfe,<\/li>\n\n\n\n<li><strong>Edeka Schwaiberger Tiefenbach<\/strong> und&nbsp;<\/li>\n\n\n\n<li><strong>Blumen Koller<\/strong> in Nammering&nbsp;<\/li>\n\n\n\n<li><strong>Rathaus Tiefenbach<\/strong><\/li>\n\n\n\n<li>Sowie bei allen<strong> Mitgliedern der Blaskapelle <\/strong>und des <strong>SKB Kirchberg v.W.<\/strong><\/li>\n<\/ul>\n\n\n<div class=\"wp-block-image\">\n<figure class=\"aligncenter size-large is-resized\"><img loading=\"lazy\" decoding=\"async\" width=\"1024\" height=\"1024\" src=\"https:\/\/blaskapellekirchberg.de\/wp-content\/uploads\/2026\/02\/grafik-1024x1024.png\" alt=\"\" class=\"wp-image-1320\" style=\"width:314px;height:auto\" srcset=\"https:\/\/blaskapellekirchberg.de\/wp-content\/uploads\/2026\/02\/grafik-1024x1024.png 1024w, https:\/\/blaskapellekirchberg.de\/wp-content\/uploads\/2026\/02\/grafik-300x300.png 300w, https:\/\/blaskapellekirchberg.de\/wp-content\/uploads\/2026\/02\/grafik-150x150.png 150w, https:\/\/blaskapellekirchberg.de\/wp-content\/uploads\/2026\/02\/grafik-768x768.png 768w, https:\/\/blaskapellekirchberg.de\/wp-content\/uploads\/2026\/02\/grafik-1536x1536.png 1536w, https:\/\/blaskapellekirchberg.de\/wp-content\/uploads\/2026\/02\/grafik.png 1890w\" sizes=\"auto, (max-width: 1024px) 100vw, 1024px\" \/><\/figure>\n<\/div>\n\n\n<p>oder per Klick -&gt; <a href=\"https:\/\/forms.office.com\/e\/3yw2jWfyp1\">Anmeldung zum Bezirksmusikfest per Klick.<\/a><\/p>\n","protected":false},"excerpt":{"rendered":"<p>Anmeldung f\u00fcr Vereine zum 44. Bezirksmusikfest siehe weiter unten. Einer der H\u00f6hepunkte unseres Jubil\u00e4ums Festes pr\u00e4sentieren wir am Donnerstag den 11. Juni 2026 die aus dem BR Fernsehen bekannte Volkss\u00e4ngerrevue Der Kartenvorverkauf ist gestartet. Karten gibt es per oder per Klick -&gt; Anmeldung zum Bezirksmusikfest per Klick.<\/p>\n","protected":false},"author":1,"featured_media":0,"parent":0,"menu_order":0,"comment_status":"closed","ping_status":"closed","template":"","meta":{"footnotes":""},"class_list":["post-1276","page","type-page","status-publish","hentry"],"_links":{"self":[{"href":"https:\/\/blaskapellekirchberg.de\/index.php?rest_route=\/wp\/v2\/pages\/1276","targetHints":{"allow":["GET"]}}],"collection":[{"href":"https:\/\/blaskapellekirchberg.de\/index.php?rest_route=\/wp\/v2\/pages"}],"about":[{"href":"https:\/\/blaskapellekirchberg.de\/index.php?rest_route=\/wp\/v2\/types\/page"}],"author":[{"embeddable":true,"href":"https:\/\/blaskapellekirchberg.de\/index.php?rest_route=\/wp\/v2\/users\/1"}],"replies":[{"embeddable":true,"href":"https:\/\/blaskapellekirchberg.de\/index.php?rest_route=%2Fwp%2Fv2%2Fcomments&post=1276"}],"version-history":[{"count":13,"href":"https:\/\/blaskapellekirchberg.de\/index.php?rest_route=\/wp\/v2\/pages\/1276\/revisions"}],"predecessor-version":[{"id":1328,"href":"https:\/\/blaskapellekirchberg.de\/index.php?rest_route=\/wp\/v2\/pages\/1276\/revisions\/1328"}],"wp:attachment":[{"href":"https:\/\/blaskapellekirchberg.de\/index.php?rest_route=%2Fwp%2Fv2%2Fmedia&parent=1276"}],"curies":[{"name":"wp","href":"https:\/\/api.w.org\/{rel}","templated":true}]}}