{"id":171,"date":"2016-01-31T21:25:29","date_gmt":"2016-01-31T20:25:29","guid":{"rendered":"http:\/\/localhost\/wordpress\/?page_id=171"},"modified":"2025-03-18T17:58:57","modified_gmt":"2025-03-18T16:58:57","slug":"notenfetzer-2","status":"publish","type":"page","link":"https:\/\/blaskapellekirchberg.de\/?page_id=171","title":{"rendered":"Notenfetzer"},"content":{"rendered":"<p>Die &#8222;<strong>Notenfetzer<\/strong>&#8220; sind die j\u00fcngsten Musiker der Blaskapelle. Sie wurden am 11. April 2008 gegr\u00fcndet, um den Jungmusikern einen m\u00f6glichst fr\u00fchen Einstieg in das Gruppenspiel zu erm\u00f6glichen.<\/p>\n<figure id=\"attachment_1061\" aria-describedby=\"caption-attachment-1061\" style=\"width: 475px\" class=\"wp-caption alignnone\"><img loading=\"lazy\" decoding=\"async\" class=\" wp-image-1061\" src=\"http:\/\/blaskapellekirchberg.de\/wp-content\/uploads\/2021\/07\/20200712_143150-1-300x225.jpg\" alt=\"\" width=\"475\" height=\"356\" srcset=\"https:\/\/blaskapellekirchberg.de\/wp-content\/uploads\/2021\/07\/20200712_143150-1-300x225.jpg 300w, https:\/\/blaskapellekirchberg.de\/wp-content\/uploads\/2021\/07\/20200712_143150-1-1024x768.jpg 1024w, https:\/\/blaskapellekirchberg.de\/wp-content\/uploads\/2021\/07\/20200712_143150-1-768x576.jpg 768w, https:\/\/blaskapellekirchberg.de\/wp-content\/uploads\/2021\/07\/20200712_143150-1-1536x1152.jpg 1536w, https:\/\/blaskapellekirchberg.de\/wp-content\/uploads\/2021\/07\/20200712_143150-1-2048x1536.jpg 2048w\" sizes=\"auto, (max-width: 475px) 100vw, 475px\" \/><figcaption id=\"caption-attachment-1061\" class=\"wp-caption-text\">Pausenhof-Matinee 2020<\/figcaption><\/figure>\n<p>Derzeit musizieren gemeinsam 16 Jungbl\u00e4ser im Alter ab 8 Jahren in der Besetzung Fl\u00f6te, Klarinette, Saxophon, Waldhorn, Tenorhorn, Trompete\u00a0 unter der Leitung von Birgit Maier und Maria F\u00fcrst.<\/p>\n<p><img loading=\"lazy\" decoding=\"async\" class=\"wp-image-1232  aligncenter\" src=\"http:\/\/blaskapellekirchberg.de\/wp-content\/uploads\/2025\/03\/Notenfetzer_2025-scaled-e1742317099574-300x172.jpg\" alt=\"\" width=\"488\" height=\"280\" srcset=\"https:\/\/blaskapellekirchberg.de\/wp-content\/uploads\/2025\/03\/Notenfetzer_2025-scaled-e1742317099574-300x172.jpg 300w, https:\/\/blaskapellekirchberg.de\/wp-content\/uploads\/2025\/03\/Notenfetzer_2025-scaled-e1742317099574-1024x587.jpg 1024w, https:\/\/blaskapellekirchberg.de\/wp-content\/uploads\/2025\/03\/Notenfetzer_2025-scaled-e1742317099574-768x440.jpg 768w, https:\/\/blaskapellekirchberg.de\/wp-content\/uploads\/2025\/03\/Notenfetzer_2025-scaled-e1742317099574-1536x881.jpg 1536w, https:\/\/blaskapellekirchberg.de\/wp-content\/uploads\/2025\/03\/Notenfetzer_2025-scaled-e1742317099574-2048x1175.jpg 2048w\" sizes=\"auto, (max-width: 488px) 100vw, 488px\" \/><\/p>\n<p>Bereits nach einer musikalischen Ausbildung von 2 bis 6 Monaten sind die meisten Bl\u00e4ser so weit, zus\u00e4tzlich zum Einzelunterricht, in der Gruppe mitspielen zu k\u00f6nnen.<br \/>\nUnd die Notenfetzer sind nicht nur eine Kindergruppe! Auch so mancher erwachsene Neueinsteiger hat hier schon seine ersten Erfahrungen gesammelt!<\/p>\n<p><strong>Die Proben finden immer freitags von 17:30 bis 18:30 Uhr im kleinen Probenraum des <a href=\"http:\/\/blaskapellekirchberg.de\/?page_id=439\">Musikheimes <\/a>statt. In den Ferien wird meistens pausiert.<\/strong><\/p>\n<p>Zum Repertoire geh\u00f6ren sowohl geistliche als auch weltliche Lieder. Von Marien-, Martins- und Weihnachtsliedern, \u00fcber traditionelles Liedgut wie z. B. &#8222;Mia san vom Woid dahoam&#8220;, bis hin zu ersten leichten M\u00e4rschen, Polkas und Walzer, aber auch Filmmelodien, ist bei den Notenfetzern bereits alles zu finden.<\/p>\n<p>Erste Auftrittserfahrungen sammeln die Notenfetzer beim allj\u00e4hrlichen Vorspielnachmittag, der Weihnachtsfeier der Blaskapelle, bei Konzerten oder kleineren Auftritten wie Schulfesten.<\/p>\n<p>Als Jugendorchester in Kombination mit den Johannesbl\u00e4sern sind die Notenfetzer bei Konzerten, Maiandachten und Martinsz\u00fcgen zu h\u00f6ren. Besonderes Highlight ist das Neujahrsanblasen.<\/p>\n","protected":false},"excerpt":{"rendered":"<p>Die &#8222;Notenfetzer&#8220; sind die j\u00fcngsten Musiker der Blaskapelle. Sie wurden am 11. April 2008 gegr\u00fcndet, um den Jungmusikern einen m\u00f6glichst fr\u00fchen Einstieg in das Gruppenspiel zu erm\u00f6glichen. Derzeit musizieren gemeinsam 16 Jungbl\u00e4ser im Alter ab 8 Jahren in der Besetzung Fl\u00f6te, Klarinette, Saxophon, Waldhorn, Tenorhorn, Trompete\u00a0 unter der Leitung von Birgit Maier und Maria F\u00fcrst. &hellip; <a href=\"https:\/\/blaskapellekirchberg.de\/?page_id=171\" class=\"more-link\"><span class=\"screen-reader-text\">Notenfetzer<\/span> weiterlesen <span class=\"meta-nav\">&rarr;<\/span><\/a><\/p>\n","protected":false},"author":2,"featured_media":0,"parent":203,"menu_order":1,"comment_status":"closed","ping_status":"closed","template":"","meta":{"footnotes":""},"class_list":["post-171","page","type-page","status-publish","hentry"],"_links":{"self":[{"href":"https:\/\/blaskapellekirchberg.de\/index.php?rest_route=\/wp\/v2\/pages\/171","targetHints":{"allow":["GET"]}}],"collection":[{"href":"https:\/\/blaskapellekirchberg.de\/index.php?rest_route=\/wp\/v2\/pages"}],"about":[{"href":"https:\/\/blaskapellekirchberg.de\/index.php?rest_route=\/wp\/v2\/types\/page"}],"author":[{"embeddable":true,"href":"https:\/\/blaskapellekirchberg.de\/index.php?rest_route=\/wp\/v2\/users\/2"}],"replies":[{"embeddable":true,"href":"https:\/\/blaskapellekirchberg.de\/index.php?rest_route=%2Fwp%2Fv2%2Fcomments&post=171"}],"version-history":[{"count":10,"href":"https:\/\/blaskapellekirchberg.de\/index.php?rest_route=\/wp\/v2\/pages\/171\/revisions"}],"predecessor-version":[{"id":1236,"href":"https:\/\/blaskapellekirchberg.de\/index.php?rest_route=\/wp\/v2\/pages\/171\/revisions\/1236"}],"up":[{"embeddable":true,"href":"https:\/\/blaskapellekirchberg.de\/index.php?rest_route=\/wp\/v2\/pages\/203"}],"wp:attachment":[{"href":"https:\/\/blaskapellekirchberg.de\/index.php?rest_route=%2Fwp%2Fv2%2Fmedia&parent=171"}],"curies":[{"name":"wp","href":"https:\/\/api.w.org\/{rel}","templated":true}]}}