{"id":203,"date":"2016-05-26T10:55:49","date_gmt":"2016-05-26T09:55:49","guid":{"rendered":"http:\/\/localhost\/wordpress\/?page_id=203"},"modified":"2017-02-18T23:33:45","modified_gmt":"2017-02-18T22:33:45","slug":"musikgruppen","status":"publish","type":"page","link":"https:\/\/blaskapellekirchberg.de\/?page_id=203","title":{"rendered":"Musikgruppen"},"content":{"rendered":"<p>In der Blaskapelle Kirchberg gibt es verschiedene Musikgruppen:<\/p>\n<p>&nbsp;<\/p>\n<p>Die J\u00fcngstbl\u00e4ser: <a href=\"http:\/\/blaskapellekirchberg.de\/?page_id=171\">Notenfetzer<\/a><\/p>\n<p>Die Jungbl\u00e4ser: <a href=\"http:\/\/blaskapellekirchberg.de\/?page_id=37\">Johannesbl\u00e4ser<\/a><\/p>\n<p>Die Alten: <a href=\"http:\/\/blaskapellekirchberg.de\/?page_id=207\">Blaskapelle<\/a><\/p>\n<p>Die Jungen wilden: <a href=\"http:\/\/blaskapellekirchberg.de\/?page_id=354\">Brassatas<\/a><\/p>\n","protected":false},"excerpt":{"rendered":"<p>In der Blaskapelle Kirchberg gibt es verschiedene Musikgruppen: &nbsp; Die J\u00fcngstbl\u00e4ser: Notenfetzer Die Jungbl\u00e4ser: Johannesbl\u00e4ser Die Alten: Blaskapelle Die Jungen wilden: Brassatas<\/p>\n","protected":false},"author":2,"featured_media":0,"parent":0,"menu_order":3,"comment_status":"closed","ping_status":"closed","template":"","meta":{"footnotes":""},"class_list":["post-203","page","type-page","status-publish","hentry"],"_links":{"self":[{"href":"https:\/\/blaskapellekirchberg.de\/index.php?rest_route=\/wp\/v2\/pages\/203","targetHints":{"allow":["GET"]}}],"collection":[{"href":"https:\/\/blaskapellekirchberg.de\/index.php?rest_route=\/wp\/v2\/pages"}],"about":[{"href":"https:\/\/blaskapellekirchberg.de\/index.php?rest_route=\/wp\/v2\/types\/page"}],"author":[{"embeddable":true,"href":"https:\/\/blaskapellekirchberg.de\/index.php?rest_route=\/wp\/v2\/users\/2"}],"replies":[{"embeddable":true,"href":"https:\/\/blaskapellekirchberg.de\/index.php?rest_route=%2Fwp%2Fv2%2Fcomments&post=203"}],"version-history":[{"count":3,"href":"https:\/\/blaskapellekirchberg.de\/index.php?rest_route=\/wp\/v2\/pages\/203\/revisions"}],"predecessor-version":[{"id":359,"href":"https:\/\/blaskapellekirchberg.de\/index.php?rest_route=\/wp\/v2\/pages\/203\/revisions\/359"}],"wp:attachment":[{"href":"https:\/\/blaskapellekirchberg.de\/index.php?rest_route=%2Fwp%2Fv2%2Fmedia&parent=203"}],"curies":[{"name":"wp","href":"https:\/\/api.w.org\/{rel}","templated":true}]}}