{"id":207,"date":"2016-05-26T11:26:40","date_gmt":"2016-05-26T10:26:40","guid":{"rendered":"http:\/\/localhost\/wordpress\/?page_id=207"},"modified":"2017-04-09T10:41:31","modified_gmt":"2017-04-09T09:41:31","slug":"blaskapelle","status":"publish","type":"page","link":"https:\/\/blaskapellekirchberg.de\/?page_id=207","title":{"rendered":"Blaskapelle"},"content":{"rendered":"<p>Die Blaskapelle Kirchberg v.W. stellt die gr\u00f6\u00dfte und \u00e4lteste Formation in unserer Bl\u00e4ser-Familie dar. 1971 gegr\u00fcndet als \u201eJugendblaskapelle Kirchberg v.W.\u201c mit etwa einem Dutzend Mitgliedern, haupts\u00e4chlich zur Umrahmung von geistlichen Anl\u00e4ssen, k\u00f6nnen wir mittlerweile auf eine Mannschaft von 40 aktiven Musikern und eine fast vollst\u00e4ndige Blasorchester-Besetzung stolz sein. Nach der Vorbereitung auf das Ensemblespiel in unseren Nachwuchsgruppen kommen unsere Sch\u00fctzlinge mit dem Ablegen des Musiker-Leistungsabzeichens in Bronze zur \u201egro\u00dfen\u201c Kapelle als Verst\u00e4rkung und Bereicherung.<\/p>\n<p><strong>Die w\u00f6chentliche Probe findet immer freitags ab 19:00 Uhr in unserem neuen <a href=\"http:\/\/blaskapellekirchberg.de\/?page_id=439\">Probenheim <\/a>in Kirchberg v.W. statt \u2013 Interessierte sind hier herzlich zum Vorbeischauen und Zuh\u00f6ren eingeladen.<\/strong> Dabei pflegen wir unser breit gef\u00e4chertes Repertoire, welches von traditioneller, bayrisch-b\u00f6hmischer Blasmusik, zum Teil auch mit Gesang, \u00fcber m\u00e4hrische Blasmusik bis hin zu konzertanter, symphonischer Blasmusik reicht.<\/p>\n<figure id=\"attachment_280\" aria-describedby=\"caption-attachment-280\" style=\"width: 474px\" class=\"wp-caption aligncenter\"><a href=\"http:\/\/blaskapellekirchberg.de\/wp-content\/uploads\/2016\/11\/100_2133.jpg\"><img loading=\"lazy\" decoding=\"async\" class=\"wp-image-280 size-large\" src=\"http:\/\/blaskapellekirchberg.de\/wp-content\/uploads\/2016\/11\/100_2133-1024x754.jpg\" alt=\"Beim B\u00fcrgerfest\" width=\"474\" height=\"349\" srcset=\"https:\/\/blaskapellekirchberg.de\/wp-content\/uploads\/2016\/11\/100_2133-1024x754.jpg 1024w, https:\/\/blaskapellekirchberg.de\/wp-content\/uploads\/2016\/11\/100_2133-300x221.jpg 300w, https:\/\/blaskapellekirchberg.de\/wp-content\/uploads\/2016\/11\/100_2133-768x565.jpg 768w, https:\/\/blaskapellekirchberg.de\/wp-content\/uploads\/2016\/11\/100_2133.jpg 1272w\" sizes=\"auto, (max-width: 474px) 100vw, 474px\" \/><\/a><figcaption id=\"caption-attachment-280\" class=\"wp-caption-text\">Beim B\u00fcrgerfest<\/figcaption><\/figure>\n<p>Neben unseren Auftritten bei Festen der \u00f6rtlichen Vereine, meist mit Marschmusik und traditioneller Blasmusik, veranstalten wir alle 2 Jahre ein Konzert in unseren 3 Gemeindeteilen, bei denen wir die konzertante Blasmusik an unsere Zuh\u00f6rer bringen. Auch bei mehreren Wertungsspielen und einer Marschwertung hatten wir bereits die M\u00f6glichkeit unser K\u00f6nnen von einer unabh\u00e4ngigen Fach-Jury bewerten zu lassen.<\/p>\n","protected":false},"excerpt":{"rendered":"<p>Die Blaskapelle Kirchberg v.W. stellt die gr\u00f6\u00dfte und \u00e4lteste Formation in unserer Bl\u00e4ser-Familie dar. 1971 gegr\u00fcndet als \u201eJugendblaskapelle Kirchberg v.W.\u201c mit etwa einem Dutzend Mitgliedern, haupts\u00e4chlich zur Umrahmung von geistlichen Anl\u00e4ssen, k\u00f6nnen wir mittlerweile auf eine Mannschaft von 40 aktiven Musikern und eine fast vollst\u00e4ndige Blasorchester-Besetzung stolz sein. Nach der Vorbereitung auf das Ensemblespiel in &hellip; <a href=\"https:\/\/blaskapellekirchberg.de\/?page_id=207\" class=\"more-link\"><span class=\"screen-reader-text\">Blaskapelle<\/span> weiterlesen <span class=\"meta-nav\">&rarr;<\/span><\/a><\/p>\n","protected":false},"author":2,"featured_media":0,"parent":203,"menu_order":0,"comment_status":"closed","ping_status":"closed","template":"","meta":{"footnotes":""},"class_list":["post-207","page","type-page","status-publish","hentry"],"_links":{"self":[{"href":"https:\/\/blaskapellekirchberg.de\/index.php?rest_route=\/wp\/v2\/pages\/207","targetHints":{"allow":["GET"]}}],"collection":[{"href":"https:\/\/blaskapellekirchberg.de\/index.php?rest_route=\/wp\/v2\/pages"}],"about":[{"href":"https:\/\/blaskapellekirchberg.de\/index.php?rest_route=\/wp\/v2\/types\/page"}],"author":[{"embeddable":true,"href":"https:\/\/blaskapellekirchberg.de\/index.php?rest_route=\/wp\/v2\/users\/2"}],"replies":[{"embeddable":true,"href":"https:\/\/blaskapellekirchberg.de\/index.php?rest_route=%2Fwp%2Fv2%2Fcomments&post=207"}],"version-history":[{"count":8,"href":"https:\/\/blaskapellekirchberg.de\/index.php?rest_route=\/wp\/v2\/pages\/207\/revisions"}],"predecessor-version":[{"id":522,"href":"https:\/\/blaskapellekirchberg.de\/index.php?rest_route=\/wp\/v2\/pages\/207\/revisions\/522"}],"up":[{"embeddable":true,"href":"https:\/\/blaskapellekirchberg.de\/index.php?rest_route=\/wp\/v2\/pages\/203"}],"wp:attachment":[{"href":"https:\/\/blaskapellekirchberg.de\/index.php?rest_route=%2Fwp%2Fv2%2Fmedia&parent=207"}],"curies":[{"name":"wp","href":"https:\/\/api.w.org\/{rel}","templated":true}]}}