{"id":218,"date":"2016-05-26T11:55:39","date_gmt":"2016-05-26T10:55:39","guid":{"rendered":"http:\/\/localhost\/wordpress\/?page_id=218"},"modified":"2017-08-24T20:00:41","modified_gmt":"2017-08-24T19:00:41","slug":"jugendarbeit","status":"publish","type":"page","link":"https:\/\/blaskapellekirchberg.de\/?page_id=218","title":{"rendered":"Jugendarbeit"},"content":{"rendered":"<p>Die Blaskapelle Kirchberg v. W. bietet neben der musikalischen T\u00e4tigkeit auch diverse Freizeit-Aktivit\u00e4ten, vor allem f\u00fcr die j\u00fcngeren Musiker, an. Solche gemeinsamen Aktionen, sollen zus\u00e4tzlich zu dem Spa\u00df, den die Kinder dabei haben, auch die Gruppendynamik f\u00f6rdern und den Zusammenhalt innerhalb der einzelnen Musik-Gruppen st\u00e4rken.<\/p>\n<p>Ein gemeinsamer Besuch im Schwimmbad, ein Kegelabend oder ein Ausflug zum Kletterwald Waldkirchen stehen hierbei h\u00e4ufig auf dem Programm.<\/p>\n<hr \/>\n<p>Bl\u00e4serischer Pfingstferienstart<\/p>\n<p><img loading=\"lazy\" decoding=\"async\" class=\"alignnone size-medium wp-image-729\" src=\"http:\/\/blaskapellekirchberg.de\/wp-content\/uploads\/2016\/05\/DSC_5159bearb-300x169.jpg\" alt=\"\" width=\"300\" height=\"169\" srcset=\"https:\/\/blaskapellekirchberg.de\/wp-content\/uploads\/2016\/05\/DSC_5159bearb-300x169.jpg 300w, https:\/\/blaskapellekirchberg.de\/wp-content\/uploads\/2016\/05\/DSC_5159bearb-768x432.jpg 768w, https:\/\/blaskapellekirchberg.de\/wp-content\/uploads\/2016\/05\/DSC_5159bearb-1024x576.jpg 1024w\" sizes=\"auto, (max-width: 300px) 100vw, 300px\" \/><\/p>\n<p>P\u00e4chter Riesinger hatte die Hammerwiese extra gem\u00e4ht, damit die Blaskapelle Kirchberg ihr allj\u00e4hrliches Jugendzeltlager abhalten kann. 16 Jugendliche und jung gebliebene tummelten sich von Freitag bis zum fr\u00fchen Pfingstsonntag um das Lagerfeuer. Aufgrund des herrlichen Wetters plantschten die Camper viel in der Ohe und auch das Bootfahren kam nicht zu kurz. Die Jugendsprecher Tobias Hanke und Franziska Maier hatten lustige Spiele vorbereitet. Gro\u00dfes Interesse zeigten die Kids am Fischen in der Ohe, vorgef\u00fchrt von Hannes Pfleger und Roland Gutsm\u00fcthl vom \u00f6rtlichen Fischereiverein Haselbach. Der Abendtisch war reichlich mit Gegrilltem vom Wild und Schwein sowie Salatspenden gedeckt. Spiegeleier, Kaiserschmarrn und im Lagerfeuer gegarte Folienkartoffeln bereicherten den Speiseplan. Beim n\u00e4chtlichen Ausflug mit dem Schlauchboot konnte das gesch\u00e4ftige Treiben der Biber beobachtet werden.<\/p>\n<p>&nbsp;<\/p>\n","protected":false},"excerpt":{"rendered":"<p>Die Blaskapelle Kirchberg v. W. bietet neben der musikalischen T\u00e4tigkeit auch diverse Freizeit-Aktivit\u00e4ten, vor allem f\u00fcr die j\u00fcngeren Musiker, an. Solche gemeinsamen Aktionen, sollen zus\u00e4tzlich zu dem Spa\u00df, den die Kinder dabei haben, auch die Gruppendynamik f\u00f6rdern und den Zusammenhalt innerhalb der einzelnen Musik-Gruppen st\u00e4rken. Ein gemeinsamer Besuch im Schwimmbad, ein Kegelabend oder ein Ausflug &hellip; <a href=\"https:\/\/blaskapellekirchberg.de\/?page_id=218\" class=\"more-link\"><span class=\"screen-reader-text\">Jugendarbeit<\/span> weiterlesen <span class=\"meta-nav\">&rarr;<\/span><\/a><\/p>\n","protected":false},"author":2,"featured_media":0,"parent":0,"menu_order":7,"comment_status":"closed","ping_status":"closed","template":"","meta":{"footnotes":""},"class_list":["post-218","page","type-page","status-publish","hentry"],"_links":{"self":[{"href":"https:\/\/blaskapellekirchberg.de\/index.php?rest_route=\/wp\/v2\/pages\/218","targetHints":{"allow":["GET"]}}],"collection":[{"href":"https:\/\/blaskapellekirchberg.de\/index.php?rest_route=\/wp\/v2\/pages"}],"about":[{"href":"https:\/\/blaskapellekirchberg.de\/index.php?rest_route=\/wp\/v2\/types\/page"}],"author":[{"embeddable":true,"href":"https:\/\/blaskapellekirchberg.de\/index.php?rest_route=\/wp\/v2\/users\/2"}],"replies":[{"embeddable":true,"href":"https:\/\/blaskapellekirchberg.de\/index.php?rest_route=%2Fwp%2Fv2%2Fcomments&post=218"}],"version-history":[{"count":6,"href":"https:\/\/blaskapellekirchberg.de\/index.php?rest_route=\/wp\/v2\/pages\/218\/revisions"}],"predecessor-version":[{"id":730,"href":"https:\/\/blaskapellekirchberg.de\/index.php?rest_route=\/wp\/v2\/pages\/218\/revisions\/730"}],"wp:attachment":[{"href":"https:\/\/blaskapellekirchberg.de\/index.php?rest_route=%2Fwp%2Fv2%2Fmedia&parent=218"}],"curies":[{"name":"wp","href":"https:\/\/api.w.org\/{rel}","templated":true}]}}