{"id":502,"date":"2017-04-09T09:55:47","date_gmt":"2017-04-09T08:55:47","guid":{"rendered":"http:\/\/blaskapellekirchberg.de\/?page_id=502"},"modified":"2024-05-19T09:57:52","modified_gmt":"2024-05-19T08:57:52","slug":"chronik","status":"publish","type":"page","link":"https:\/\/blaskapellekirchberg.de\/?page_id=502","title":{"rendered":"Chronik (ganz fr\u00fcher)"},"content":{"rendered":"<p>&nbsp;<\/p>\n<p>Chronik der Blaskapelle Kirchberg v. W.<\/p>\n<p>Am 13. Juli 1971 wurde die Jugendblaskapelle Kirchberg auf Initiative von Ortspfarrer Martin Stiegler, B\u00fcrgermeister Alois Endl und Martin Brein, als kirchliche Bl\u00e4sergruppe, angeregt vom bisch\u00f6flichen Seelsorgeamt der Di\u00f6zese Passau unter der Leitung von Pater Norbert Weber, gegr\u00fcndet.<\/p>\n<figure id=\"attachment_371\" aria-describedby=\"caption-attachment-371\" style=\"width: 300px\" class=\"wp-caption aligncenter\"><a href=\"http:\/\/blaskapellekirchberg.de\/wp-content\/uploads\/2016\/12\/Jugendblaskapelle-1972.jpg\"><img loading=\"lazy\" decoding=\"async\" class=\"wp-image-371 size-medium\" src=\"http:\/\/blaskapellekirchberg.de\/wp-content\/uploads\/2016\/12\/Jugendblaskapelle-1972-300x183.jpg\" alt=\"Jugendblaskapelle Kirchberg v. W. im Jahre 1972\" width=\"300\" height=\"183\" srcset=\"https:\/\/blaskapellekirchberg.de\/wp-content\/uploads\/2016\/12\/Jugendblaskapelle-1972-300x183.jpg 300w, https:\/\/blaskapellekirchberg.de\/wp-content\/uploads\/2016\/12\/Jugendblaskapelle-1972-768x470.jpg 768w, https:\/\/blaskapellekirchberg.de\/wp-content\/uploads\/2016\/12\/Jugendblaskapelle-1972-1024x626.jpg 1024w, https:\/\/blaskapellekirchberg.de\/wp-content\/uploads\/2016\/12\/Jugendblaskapelle-1972.jpg 1328w\" sizes=\"auto, (max-width: 300px) 100vw, 300px\" \/><\/a><figcaption id=\"caption-attachment-371\" class=\"wp-caption-text\">Jugendblaskapelle Kirchberg v. W. im Jahre 1972<\/figcaption><\/figure>\n<p>Vorst\u00e4nde waren Aloisl Endl, Heinrich Fischl sen. und seit 1982 Willi Poisl<\/p>\n<p>Musikalische Leiter der Blaskapelle: Martin Brein, Rudi Herde, Willi Poisl, Reinhold Kapfhammer, Stefan Schober und jetzt Sebastian Gottschaller, stellvertretend Philipp Mayer, der auch als Stabf\u00fchrer die Kapelle anf\u00fchrt.<\/p>\n<p>Um die ganze Logistik (Notenarchiv, Bekleidung, Freizeitorganisation, Korrespondenz mit Musikbund und Verlagen usw.) k\u00fcmmert sich Birgit Maier.<\/p>\n<p>Am 7. Nov. 2003 wurden die Johannesbl\u00e4ser als Nachwuchsorganisation gegr\u00fcndet, die schon bald kleinere Auftritte musikalisch gestalteten. Am 11. April 2008 wurden f\u00fcr die J\u00fcngsten zum Einstieg die \u201eNotenfetzer\u201c gegr\u00fcndet. Die Leiter der Jungbl\u00e4ser sind Birgit Maier, Willi Poisl und Philipp Mayer.<\/p>\n<figure id=\"attachment_372\" aria-describedby=\"caption-attachment-372\" style=\"width: 300px\" class=\"wp-caption aligncenter\"><a href=\"http:\/\/blaskapellekirchberg.de\/wp-content\/uploads\/2016\/12\/Blaskapelle-1981.jpg\"><img loading=\"lazy\" decoding=\"async\" class=\"wp-image-372 size-medium\" src=\"http:\/\/blaskapellekirchberg.de\/wp-content\/uploads\/2016\/12\/Blaskapelle-1981-300x188.jpg\" alt=\"Die Blaskapelle beim 10-j\u00e4hrigen Gr\u00fcndungsfest 1981\" width=\"300\" height=\"188\" srcset=\"https:\/\/blaskapellekirchberg.de\/wp-content\/uploads\/2016\/12\/Blaskapelle-1981-300x188.jpg 300w, https:\/\/blaskapellekirchberg.de\/wp-content\/uploads\/2016\/12\/Blaskapelle-1981-768x481.jpg 768w, https:\/\/blaskapellekirchberg.de\/wp-content\/uploads\/2016\/12\/Blaskapelle-1981-1024x642.jpg 1024w, https:\/\/blaskapellekirchberg.de\/wp-content\/uploads\/2016\/12\/Blaskapelle-1981.jpg 1286w\" sizes=\"auto, (max-width: 300px) 100vw, 300px\" \/><\/a><figcaption id=\"caption-attachment-372\" class=\"wp-caption-text\">Die Blaskapelle beim 10-j\u00e4hrigen Gr\u00fcndungsfest 1981<\/figcaption><\/figure>\n<p>Mitgliederentwicklung:<\/p>\n<p>1972: 13 Musiker,<br \/>\n1979: 15 Musiker,<br \/>\n1996: 19 Musiker,<br \/>\n2011: 56 Musiker, davon 37 in der Blaskapelle und 22 bei den Johannesbl\u00e4sern.<br \/>\n32 passive Mitglieder unterst\u00fctzen die Kapelle f\u00f6rdernd.<\/p>\n<p>Urspr\u00fcngliches Ziel der Kapelle war es, die Kirchenmusik zu pflegen und Jugendlichen eine sinnvolle Freizeitgestaltung zu bieten. Die Umrahmung von Gottesdiensten, weltlichen Festen und Feiern, sowie die Teilnahme an Kulturtagen, Wertungsspielen und Konzerten bestimmen das musikalische Jahr. Freizeitveranstaltungen und Ausfl\u00fcge runden es ab.<\/p>\n<p><a href=\"mailto:kontakt@blaskapellekirchberg.de\" target=\"_blank\" rel=\"noopener\">Kontakt per E-Mail<\/a><\/p>\n<p>Hier gehts zum <a href=\"http:\/\/blaskapellekirchberg.de\/?page_id=439\">Probenheim<\/a><\/p>\n","protected":false},"excerpt":{"rendered":"<p>&nbsp; Chronik der Blaskapelle Kirchberg v. W. Am 13. Juli 1971 wurde die Jugendblaskapelle Kirchberg auf Initiative von Ortspfarrer Martin Stiegler, B\u00fcrgermeister Alois Endl und Martin Brein, als kirchliche Bl\u00e4sergruppe, angeregt vom bisch\u00f6flichen Seelsorgeamt der Di\u00f6zese Passau unter der Leitung von Pater Norbert Weber, gegr\u00fcndet. Vorst\u00e4nde waren Aloisl Endl, Heinrich Fischl sen. und seit 1982 &hellip; <a href=\"https:\/\/blaskapellekirchberg.de\/?page_id=502\" class=\"more-link\"><span class=\"screen-reader-text\">Chronik (ganz fr\u00fcher)<\/span> weiterlesen <span class=\"meta-nav\">&rarr;<\/span><\/a><\/p>\n","protected":false},"author":1,"featured_media":0,"parent":0,"menu_order":1,"comment_status":"closed","ping_status":"closed","template":"","meta":{"footnotes":""},"class_list":["post-502","page","type-page","status-publish","hentry"],"_links":{"self":[{"href":"https:\/\/blaskapellekirchberg.de\/index.php?rest_route=\/wp\/v2\/pages\/502","targetHints":{"allow":["GET"]}}],"collection":[{"href":"https:\/\/blaskapellekirchberg.de\/index.php?rest_route=\/wp\/v2\/pages"}],"about":[{"href":"https:\/\/blaskapellekirchberg.de\/index.php?rest_route=\/wp\/v2\/types\/page"}],"author":[{"embeddable":true,"href":"https:\/\/blaskapellekirchberg.de\/index.php?rest_route=\/wp\/v2\/users\/1"}],"replies":[{"embeddable":true,"href":"https:\/\/blaskapellekirchberg.de\/index.php?rest_route=%2Fwp%2Fv2%2Fcomments&post=502"}],"version-history":[{"count":5,"href":"https:\/\/blaskapellekirchberg.de\/index.php?rest_route=\/wp\/v2\/pages\/502\/revisions"}],"predecessor-version":[{"id":1112,"href":"https:\/\/blaskapellekirchberg.de\/index.php?rest_route=\/wp\/v2\/pages\/502\/revisions\/1112"}],"wp:attachment":[{"href":"https:\/\/blaskapellekirchberg.de\/index.php?rest_route=%2Fwp%2Fv2%2Fmedia&parent=502"}],"curies":[{"name":"wp","href":"https:\/\/api.w.org\/{rel}","templated":true}]}}